{"id":17342,"date":"2025-07-22T17:16:37","date_gmt":"2025-07-22T17:16:37","guid":{"rendered":"https:\/\/partymixfm.com\/mexicali\/?page_id=17342"},"modified":"2025-07-22T17:16:38","modified_gmt":"2025-07-22T17:16:38","slug":"aviso-de-privacidad","status":"publish","type":"page","link":"https:\/\/partymixfm.com\/mexicali\/aviso-de-privacidad\/","title":{"rendered":"Aviso de privacidad"},"content":{"rendered":"\n<p>En cumplimiento de lo dispuesto en los art\u00edculos 2, 8, 15, 16 y 36 de la Ley Federal de Protecci\u00f3n de Datos Personales en Posesi\u00f3n de los Particulares, se emite el siguiente: AVISO DE PRIVACIDAD.<\/p>\n\n\n\n<p>ESQUINA 32 SC, con domicilio ubicado en Blvd. Agua Caliente No. 11550-302, Colonia Aviaci\u00f3n, C.P. 22014, Tijuana, Baja California, es responsable de conformidad con la Ley Federal de Protecci\u00f3n de Datos Personales en Posesi\u00f3n de los Particulares, del tratamiento de sus datos personales, por tales motivos se da a conocer la siguiente informaci\u00f3n<\/p>\n\n\n\n<p><strong>I.- Fines de los datos personales.<\/strong><\/p>\n\n\n\n<p>Sus datos personales ser\u00e1n utilizados para las siguientes finalidades:<\/p>\n\n\n\n<p>\u2013 Informar sobre cambios o nuevos productos o servicios que est\u00e9n relacionados con el contratado o adquirido por Usted;<br>\u2013 Dar cumplimiento a obligaciones contra\u00eddas con nuestros clientes;<\/p>\n\n\n\n<p><strong>II.- Datos personales que obtendremos y medio de obtenci\u00f3n.<\/strong><\/p>\n\n\n\n<p>Para las finalidades se\u00f1aladas en el presente aviso de privacidad, se informa que recabamos sus datos personales de forma directa cuando usted mismo nos los proporciona por diversos medios ya sea al momento de acudir a nuestras oficinas, por v\u00eda telef\u00f3nica o por correo electr\u00f3nico, con objeto de que le prestemos el servicio contratado.<\/p>\n\n\n\n<p>Los datos que obtenemos por este medio pueden ser, entre otros:<\/p>\n\n\n\n<p>\u2013 Nombre completo.<br>\u2013 Domicilio Fiscal<br>\u2013 Domicilio Particular<br>\u2013 Registro Federal de Contribuyentes.<br>\u2013 Tel\u00e9fonos fijos y m\u00f3viles<br>\u2013 Correo electr\u00f3nico.<\/p>\n\n\n\n<p>Nos comprometemos a que los mismos ser\u00e1n tratados bajo las m\u00e1s estrictas medidas de seguridad que garanticen su confidencialidad.<\/p>\n\n\n\n<p><strong>III.- Datos personales sensibles.<\/strong><\/p>\n\n\n\n<p>En el caso, se hace del conocimiento que dados los servicios que presta ESQUINA SC, NO recabar\u00e1 ning\u00fan dato sensible, que de conformidad con el art\u00edculo 3, fracci\u00f3n VI de la Ley Federal de Protecci\u00f3n de Datos Personales en Posesi\u00f3n de los Particulares son considerados como tales: origen racial o \u00e9tnico, estado de salud presente y futuro, informaci\u00f3n gen\u00e9tica, creencias religiosas, filos\u00f3ficas y morales, afiliaci\u00f3n sindical, opiniones pol\u00edticas, preferencia sexual.<\/p>\n\n\n\n<p><strong>IV.- Acceso o rectificaci\u00f3n de datos personales y cancelaci\u00f3n u oposici\u00f3n de su uso.<\/strong><\/p>\n\n\n\n<p>Se hace de su conocimiento que Usted tiene derecho de acceder a sus datos personales que ESQUINA 32 SC posee y a los detalles del tratamiento de los mismos, as\u00ed como a rectificarlos en caso de ser inexactos o incompletos; cancelarlos cuando considere que no se requieren para alguna de las finalidades se\u00f1alados en el presente aviso de privacidad, est\u00e9n siendo utilizados para finalidades no consentidas o haya finalizado la relaci\u00f3n contractual o de servicio, o bien, oponerse al tratamiento de los mismos para fines espec\u00edficos.<\/p>\n\n\n\n<p>Los mecanismos que se han implementado para el ejercicio de dichos derechos son a trav\u00e9s de la presentaci\u00f3n de la solicitud respectiva de manera escrita con firma aut\u00f3grafa dirigida a el \u00e1rea de atenci\u00f3n a clientes o bien a trav\u00e9s de correo electr\u00f3nico enviada a la siguiente direcci\u00f3n contacto@esquina32.info, en cualquiera de los casos, ESQUINA 32 SC, acusar\u00e1 de recibida su solicitud.<\/p>\n\n\n\n<p>Dicha solicitud deber\u00e1 contener los datos que solicita se rectifiquen, cancelen o de los que se oponga a su uso, as\u00ed como las razones de la solicitud. El plazo para atender su solicitud ser\u00e1 de 10 d\u00edas h\u00e1biles contados a partir del acuse de recepci\u00f3n de su escrito o del correo electr\u00f3nico.<\/p>\n\n\n\n<p>Para mayor informaci\u00f3n, favor de comunicarse al tel\u00e9fono 52(646) 5968457, con el \u00e1rea de atenci\u00f3n a clientes.<\/p>\n\n\n\n<p><strong>V.- Revocaci\u00f3n de consentimiento para el tratamiento de los datos personales.<\/strong><\/p>\n\n\n\n<p>En todo momento, usted podr\u00e1 revocar el consentimiento que ha otorgado a ESQUINA 32 SC para el tratamiento de sus datos personales, a fin de que dejemos de hacer uso de los mismos. Para ello, es necesario que presente su petici\u00f3n en de manera escrita con firma aut\u00f3grafa dirigida a el \u00e1rea de atenci\u00f3n a clientes o bien a trav\u00e9s de correo electr\u00f3nico enviada a la siguiente direcci\u00f3n contacto@esquina32.info, en cualquiera de los casos, se acusar\u00e1 de recibida su solicitud.<\/p>\n\n\n\n<p>Dicha solicitud deber\u00e1 contener los datos que solicita se revoque su tratamiento, las razones de la solicitud as\u00ed como el se\u00f1alamiento expreso de su revocaci\u00f3n. El plazo para atender su solicitud ser\u00e1 de 15 d\u00edas h\u00e1biles contados a partir del acuse de recepci\u00f3n de su escrito o del correo electr\u00f3nico. Dentro del plazo se\u00f1alado, ESQUINA 32 SC, dar\u00e1 contestaci\u00f3n a su solicitud mediante escrito que se entregar\u00e1 de manera personal en nuestras oficinas ubicadas en Blvd. Agua Caliente No. 11550-302, Colonia Aviaci\u00f3n, C.P. 22014, Tijuana, Baja California.<\/p>\n\n\n\n<p><strong>VI.- Transferencia de sus datos personales.<\/strong><\/p>\n\n\n\n<p>Se hace de su conocimiento que sus datos personales pueden ser transferidos y tratados dentro y fuera del pa\u00eds, por personas distintas a esta empresa. En ese sentido, su informaci\u00f3n puede ser compartida con las distintas oficinas de ESQUINA 32 SC, ubicadas en Baja California, ello con el fin de proporcionar los servicios que fueron contratados si \u00e9stos tienen que ser llevados a cabo en otros lugares de la Rep\u00fablica Mexicana.<\/p>\n\n\n\n<p>Nos comprometemos a no transferir su informaci\u00f3n personal a terceros sin su consentimiento, salvo las excepciones previstas en el art\u00edculo 37 de la Ley Federal de Protecci\u00f3n de Datos Personales en Posesi\u00f3n de los Particulares, as\u00ed como a realizar esta transferencia en los t\u00e9rminos que fija esa ley.<\/p>\n\n\n\n<p>Si usted no manifiesta su oposici\u00f3n para que sus datos personales sean transferidos, se entender\u00e1 que ha otorgado su consentimiento para ello.<\/p>\n\n\n\n<p><strong>VII.- Modificaciones al aviso de privacidad.<\/strong><\/p>\n\n\n\n<p>ESQUINA 32 SC, se reserva el derecho de efectuar en cualquier momento modificaciones o actualizaciones al presente aviso de privacidad, para la atenci\u00f3n de novedades legislativas, pol\u00edticas internas o nuevos requerimientos para la prestaci\u00f3n u ofrecimiento de nuestros servicios o productos.<\/p>\n\n\n\n<p>Estas modificaciones estar\u00e1n disponibles al p\u00fablico a trav\u00e9s de nuestra p\u00e1gina de Internet www.esquina32.info en la secci\u00f3n aviso de privacidad; y se las haremos llegar al \u00faltimo correo electr\u00f3nico que nos haya proporcionado.<\/p>\n\n\n\n<p><strong>VIII.- Quejas y denuncias por el tratamiento indebido de sus datos personales.<\/strong><\/p>\n\n\n\n<p>Si usted considera que su derecho de protecci\u00f3n de datos personales ha sido lesionado por alguna conducta de nuestros empleados o de nuestras actuaciones o respuestas, presume que en el tratamiento de sus datos personales existe alguna violaci\u00f3n a las disposiciones previstas en la Ley Federal de Protecci\u00f3n de Datos Personales en Posesi\u00f3n de los Particulares, podr\u00e1 interponer la queja o denuncia correspondiente ante el IFAI, para mayor informaci\u00f3n visite www.ifai.org.mx<\/p>\n\n\n\n<p><strong>IX.- Datos de contacto.<\/strong><\/p>\n\n\n\n<p>ESQUINA 32 SC.<br>Domicilio: Blvd. Agua Caliente No. 1150-302, Colonia Aviaci\u00f3n, C.P. 22014, Tijuana, Baja California<br>Correo: contacto@esquina32.info<br>Tel\u00e9fono: 52 (664) 978-3969<\/p>\n","protected":false},"excerpt":{"rendered":"<p>En cumplimiento de lo dispuesto en los art\u00edculos 2, 8, 15, 16 y 36 de la Ley Federal de Protecci\u00f3n de Datos Personales en Posesi\u00f3n de los Particulares, se emite el siguiente: AVISO DE PRIVACIDAD. ESQUINA 32 SC, con domicilio ubicado en Blvd. Agua Caliente No. 11550-302, Colonia Aviaci\u00f3n, C.P. 22014, Tijuana, Baja California, es [&hellip;]<\/p>\n","protected":false},"author":1,"featured_media":0,"parent":0,"menu_order":0,"comment_status":"closed","ping_status":"closed","template":"","meta":{"slim_seo":{"title":"Aviso de privacidad - 106.7 FM Party Mix Imperial Valley Mexicali","description":"En cumplimiento de lo dispuesto en los art\u00edculos 2, 8, 15, 16 y 36 de la Ley Federal de Protecci\u00f3n de Datos Personales en Posesi\u00f3n de los Particulares, se emite"},"footnotes":""},"class_list":["post-17342","page","type-page","status-publish","hentry"],"_links":{"self":[{"href":"https:\/\/partymixfm.com\/mexicali\/wp-json\/wp\/v2\/pages\/17342","targetHints":{"allow":["GET"]}}],"collection":[{"href":"https:\/\/partymixfm.com\/mexicali\/wp-json\/wp\/v2\/pages"}],"about":[{"href":"https:\/\/partymixfm.com\/mexicali\/wp-json\/wp\/v2\/types\/page"}],"author":[{"embeddable":true,"href":"https:\/\/partymixfm.com\/mexicali\/wp-json\/wp\/v2\/users\/1"}],"replies":[{"embeddable":true,"href":"https:\/\/partymixfm.com\/mexicali\/wp-json\/wp\/v2\/comments?post=17342"}],"version-history":[{"count":1,"href":"https:\/\/partymixfm.com\/mexicali\/wp-json\/wp\/v2\/pages\/17342\/revisions"}],"predecessor-version":[{"id":17343,"href":"https:\/\/partymixfm.com\/mexicali\/wp-json\/wp\/v2\/pages\/17342\/revisions\/17343"}],"wp:attachment":[{"href":"https:\/\/partymixfm.com\/mexicali\/wp-json\/wp\/v2\/media?parent=17342"}],"curies":[{"name":"wp","href":"https:\/\/api.w.org\/{rel}","templated":true}]}}